{"id":15078,"date":"2024-09-07T18:01:43","date_gmt":"2024-09-07T17:01:43","guid":{"rendered":"https:\/\/jasminprojects.com\/swissdermotech\/?post_type=product&#038;p=15078"},"modified":"2024-09-07T18:01:43","modified_gmt":"2024-09-07T17:01:43","slug":"dermo-shape","status":"publish","type":"product","link":"https:\/\/jasminprojects.com\/swissdermotech\/product\/dermo-shape\/","title":{"rendered":"Dermo-Shape"},"content":{"rendered":"","protected":false},"excerpt":{"rendered":"<p>Visage &amp; corps: Anti-\u00e2ge et minceur<\/p>\n<p>&nbsp;<\/p>\n<p>Le Dermo-Shape combine quatre technologies diff\u00e9rentes :<\/p>\n<ul>\n<li data-sourcepos=\"7:1-7:185\"><strong>Aspiration (vacuum) :<\/strong> Cette technologie permet d\u2019aspirer la peau et la graisse, ce qui stimule la circulation sanguine et lymphatique et aide \u00e0 d\u00e9composer les cellules graisseuses.<\/li>\n<li data-sourcepos=\"8:1-8:152\"><strong>Rotation :<\/strong> La rotation de la sonde permet de masser la peau en profondeur, ce qui favorise le drainage lymphatique et la r\u00e9duction de la cellulite.<\/li>\n<li data-sourcepos=\"9:1-9:201\"><strong>Radiofr\u00e9quence (RF) :<\/strong> La radiofr\u00e9quence utilise des ondes radio pour chauffer les couches profondes de la peau, ce qui stimule la production de collag\u00e8ne et d\u2019\u00e9lastine et aide \u00e0 raffermir la peau.<\/li>\n<li data-sourcepos=\"10:1-11:0\"><strong>Lumi\u00e8re rouge et bleue :<\/strong> La lumi\u00e8re rouge est cens\u00e9e stimuler la production de collag\u00e8ne et d\u2019\u00e9lastine, tandis que la lumi\u00e8re bleue est cens\u00e9e avoir un effet anti-inflammatoire.<\/li>\n<\/ul>\n<p><strong>Raffermissement des tissus\u00a0 : <\/strong>Ce traitement utilise la stimulation cellulaire pour dynamiser la production de collag\u00e8ne et d\u2019\u00e9lastine, laissant la peau instantan\u00e9ment plus ferme et le corps.<\/p>\n<p><strong>Anti-cellulite : <\/strong>Ce traitement cibl\u00e9 r\u00e9duit visiblement l\u2019apparition de la peau disgracieuse de l\u2019oronge, il aide \u00e0 lisser la peau, \u00e0 am\u00e9liorer le drainage, la circulation sanguine et restauration d\u2019une forme corporelle harmonieuse.<\/p>\n<p><strong>Anti-\u00e2ge : <\/strong>Ce soin privil\u00e9gie l\u2019oxyg\u00e9nation des tissus et la r\u00e9g\u00e9n\u00e9ration de la peau. Il lisse les rides pour une peau visiblement plus jeune.<\/p>\n<p><strong>Prix: CHF 14\u2019820.- \/ ou 36 x CHF 480.- ( mensualit\u00e9s HT )<\/strong><\/p>\n<p><strong>Location \u00e0 partir de : CHF 399.-\u00a0<\/strong><\/p>\n<p><strong>Homologu\u00e9 pour :\u00a0 Esth\u00e9ticienne ( <em>O-Lrnis )<\/em><\/strong><\/p>\n","protected":false},"featured_media":15080,"template":"","meta":{"_acf_changed":false},"product_cat":[81],"product_tag":[],"class_list":{"0":"post-15078","1":"product","2":"type-product","3":"status-publish","4":"has-post-thumbnail","6":"product_cat-location","8":"first","9":"instock","10":"taxable","11":"shipping-taxable","12":"product-type-simple"},"acf":[],"_links":{"self":[{"href":"https:\/\/jasminprojects.com\/swissdermotech\/wp-json\/wp\/v2\/product\/15078","targetHints":{"allow":["GET"]}}],"collection":[{"href":"https:\/\/jasminprojects.com\/swissdermotech\/wp-json\/wp\/v2\/product"}],"about":[{"href":"https:\/\/jasminprojects.com\/swissdermotech\/wp-json\/wp\/v2\/types\/product"}],"version-history":[{"count":0,"href":"https:\/\/jasminprojects.com\/swissdermotech\/wp-json\/wp\/v2\/product\/15078\/revisions"}],"wp:featuredmedia":[{"embeddable":true,"href":"https:\/\/jasminprojects.com\/swissdermotech\/wp-json\/wp\/v2\/media\/15080"}],"wp:attachment":[{"href":"https:\/\/jasminprojects.com\/swissdermotech\/wp-json\/wp\/v2\/media?parent=15078"}],"wp:term":[{"taxonomy":"product_cat","embeddable":true,"href":"https:\/\/jasminprojects.com\/swissdermotech\/wp-json\/wp\/v2\/product_cat?post=15078"},{"taxonomy":"product_tag","embeddable":true,"href":"https:\/\/jasminprojects.com\/swissdermotech\/wp-json\/wp\/v2\/product_tag?post=15078"}],"curies":[{"name":"wp","href":"https:\/\/api.w.org\/{rel}","templated":true}]}}