{"id":15009,"date":"2024-09-07T17:19:40","date_gmt":"2024-09-07T16:19:40","guid":{"rendered":"https:\/\/jasminprojects.com\/swissdermotech\/?post_type=product&#038;p=15009"},"modified":"2024-09-07T17:53:23","modified_gmt":"2024-09-07T16:53:23","slug":"laser-fraccional-co2-femto-derma-medical","status":"publish","type":"product","link":"https:\/\/jasminprojects.com\/swissdermotech\/product\/laser-fraccional-co2-femto-derma-medical\/","title":{"rendered":"LASER FRACCIONAL CO2 FEMTO +DERMA (m\u00e9dical)"},"content":{"rendered":"","protected":false},"excerpt":{"rendered":"<p>Visage &amp; Corps<\/p>\n<p>&nbsp;<\/p>\n<p>Comprenant:\u00a0 1 t\u00eate fractionn\u00e9e, 2 t\u00eates de coupe chirurgicales et poign\u00e9e de serrage vaginale<\/p>\n<p>&nbsp;<\/p>\n<p><strong>Prix: CHF 20\u2019750.- \/ ou 36 x CHF 673.- ( mensualit\u00e9s HT )<\/strong><\/p>\n<p><strong>Location: CHF 599.-\u00a0<\/strong><\/p>\n<p><strong>Homologu\u00e9 pour: Cabinet m\u00e9dical<\/strong><\/p>\n","protected":false},"featured_media":15056,"template":"","meta":{"_acf_changed":false},"product_cat":[81],"product_tag":[],"class_list":{"0":"post-15009","1":"product","2":"type-product","3":"status-publish","4":"has-post-thumbnail","6":"product_cat-location","8":"first","9":"instock","10":"taxable","11":"shipping-taxable","12":"product-type-simple"},"acf":[],"_links":{"self":[{"href":"https:\/\/jasminprojects.com\/swissdermotech\/wp-json\/wp\/v2\/product\/15009","targetHints":{"allow":["GET"]}}],"collection":[{"href":"https:\/\/jasminprojects.com\/swissdermotech\/wp-json\/wp\/v2\/product"}],"about":[{"href":"https:\/\/jasminprojects.com\/swissdermotech\/wp-json\/wp\/v2\/types\/product"}],"version-history":[{"count":0,"href":"https:\/\/jasminprojects.com\/swissdermotech\/wp-json\/wp\/v2\/product\/15009\/revisions"}],"wp:featuredmedia":[{"embeddable":true,"href":"https:\/\/jasminprojects.com\/swissdermotech\/wp-json\/wp\/v2\/media\/15056"}],"wp:attachment":[{"href":"https:\/\/jasminprojects.com\/swissdermotech\/wp-json\/wp\/v2\/media?parent=15009"}],"wp:term":[{"taxonomy":"product_cat","embeddable":true,"href":"https:\/\/jasminprojects.com\/swissdermotech\/wp-json\/wp\/v2\/product_cat?post=15009"},{"taxonomy":"product_tag","embeddable":true,"href":"https:\/\/jasminprojects.com\/swissdermotech\/wp-json\/wp\/v2\/product_tag?post=15009"}],"curies":[{"name":"wp","href":"https:\/\/api.w.org\/{rel}","templated":true}]}}