{"id":4860,"date":"2022-02-16T07:24:01","date_gmt":"2022-02-16T07:24:01","guid":{"rendered":"https:\/\/jasminprojects.com\/swissdermotech\/?page_id=4860"},"modified":"2024-09-03T15:44:30","modified_gmt":"2024-09-03T15:44:30","slug":"a-propos","status":"publish","type":"page","link":"https:\/\/jasminprojects.com\/swissdermotech\/a-propos\/","title":{"rendered":"A propos"},"content":{"rendered":"\t\t<div data-elementor-type=\"wp-page\" data-elementor-id=\"4860\" class=\"elementor elementor-4860\">\n\t\t\t\t\t\t<section class=\"elementor-section elementor-top-section elementor-element elementor-element-785713a elementor-section-boxed elementor-section-height-default elementor-section-height-default\" data-id=\"785713a\" data-element_type=\"section\" data-settings=\"{&quot;background_background&quot;:&quot;classic&quot;}\">\n\t\t\t\t\t\t\t<div class=\"elementor-background-overlay\"><\/div>\n\t\t\t\t\t\t\t<div class=\"elementor-container elementor-column-gap-default\">\n\t\t\t\t\t<div class=\"elementor-column elementor-col-100 elementor-top-column elementor-element elementor-element-eea7f4e\" data-id=\"eea7f4e\" data-element_type=\"column\">\n\t\t\t<div class=\"elementor-widget-wrap elementor-element-populated\">\n\t\t\t\t\t\t<section class=\"elementor-section elementor-inner-section elementor-element elementor-element-d2a91e7 elementor-section-boxed elementor-section-height-default elementor-section-height-default\" data-id=\"d2a91e7\" data-element_type=\"section\">\n\t\t\t\t\t\t<div class=\"elementor-container elementor-column-gap-default\">\n\t\t\t\t\t<div class=\"elementor-column elementor-col-100 elementor-inner-column elementor-element elementor-element-44210d2\" data-id=\"44210d2\" data-element_type=\"column\">\n\t\t\t<div class=\"elementor-widget-wrap elementor-element-populated\">\n\t\t\t\t\t\t<div class=\"elementor-element elementor-element-6556b3a elementor-widget elementor-widget-heading\" data-id=\"6556b3a\" data-element_type=\"widget\" data-widget_type=\"heading.default\">\n\t\t\t\t<div class=\"elementor-widget-container\">\n\t\t\t<style>\/*! elementor - v3.23.0 - 05-08-2024 *\/\n.elementor-heading-title{padding:0;margin:0;line-height:1}.elementor-widget-heading .elementor-heading-title[class*=elementor-size-]>a{color:inherit;font-size:inherit;line-height:inherit}.elementor-widget-heading .elementor-heading-title.elementor-size-small{font-size:15px}.elementor-widget-heading .elementor-heading-title.elementor-size-medium{font-size:19px}.elementor-widget-heading .elementor-heading-title.elementor-size-large{font-size:29px}.elementor-widget-heading .elementor-heading-title.elementor-size-xl{font-size:39px}.elementor-widget-heading .elementor-heading-title.elementor-size-xxl{font-size:59px}<\/style><span class=\"elementor-heading-title elementor-size-default\">Qui sommes nous?<\/span>\t\t<\/div>\n\t\t\t\t<\/div>\n\t\t\t\t<div class=\"elementor-element elementor-element-44d7796 elementor-widget elementor-widget-heading\" data-id=\"44d7796\" data-element_type=\"widget\" data-widget_type=\"heading.default\">\n\t\t\t\t<div class=\"elementor-widget-container\">\n\t\t\t<h1 class=\"elementor-heading-title elementor-size-default\">A Propos<\/h1>\t\t<\/div>\n\t\t\t\t<\/div>\n\t\t\t\t\t<\/div>\n\t\t<\/div>\n\t\t\t\t\t<\/div>\n\t\t<\/section>\n\t\t\t\t\t<\/div>\n\t\t<\/div>\n\t\t\t\t\t<\/div>\n\t\t<\/section>\n\t\t\t\t<section class=\"elementor-section elementor-top-section elementor-element elementor-element-eedf696 elementor-section-full_width elementor-section-height-default elementor-section-height-default\" data-id=\"eedf696\" data-element_type=\"section\">\n\t\t\t\t\t\t<div class=\"elementor-container elementor-column-gap-default\">\n\t\t\t\t\t<div class=\"elementor-column elementor-col-100 elementor-top-column elementor-element elementor-element-03f3da3\" data-id=\"03f3da3\" data-element_type=\"column\">\n\t\t\t<div class=\"elementor-widget-wrap elementor-element-populated\">\n\t\t\t\t\t\t<section class=\"elementor-section elementor-inner-section elementor-element elementor-element-67a179a elementor-section-boxed elementor-section-height-default elementor-section-height-default\" data-id=\"67a179a\" data-element_type=\"section\">\n\t\t\t\t\t\t<div class=\"elementor-container elementor-column-gap-default\">\n\t\t\t\t\t<div class=\"elementor-column elementor-col-50 elementor-inner-column elementor-element elementor-element-d7eb637\" data-id=\"d7eb637\" data-element_type=\"column\">\n\t\t\t<div class=\"elementor-widget-wrap elementor-element-populated\">\n\t\t\t\t\t\t<div class=\"elementor-element elementor-element-86ab54a elementor-widget elementor-widget-heading\" data-id=\"86ab54a\" data-element_type=\"widget\" data-widget_type=\"heading.default\">\n\t\t\t\t<div class=\"elementor-widget-container\">\n\t\t\t<span class=\"elementor-heading-title elementor-size-default\">A PROPOS<\/span>\t\t<\/div>\n\t\t\t\t<\/div>\n\t\t\t\t<div class=\"elementor-element elementor-element-ba1a6ee elementor-widget elementor-widget-heading\" data-id=\"ba1a6ee\" data-element_type=\"widget\" data-widget_type=\"heading.default\">\n\t\t\t\t<div class=\"elementor-widget-container\">\n\t\t\t<h2 class=\"elementor-heading-title elementor-size-default\">Qui sommes-nous?<\/h2>\t\t<\/div>\n\t\t\t\t<\/div>\n\t\t\t\t\t<\/div>\n\t\t<\/div>\n\t\t\t\t<div class=\"elementor-column elementor-col-50 elementor-inner-column elementor-element elementor-element-1d0c92c\" data-id=\"1d0c92c\" data-element_type=\"column\">\n\t\t\t<div class=\"elementor-widget-wrap elementor-element-populated\">\n\t\t\t\t\t\t<div class=\"elementor-element elementor-element-a8bd923 elementor-widget__width-initial elementor-widget elementor-widget-text-editor\" data-id=\"a8bd923\" data-element_type=\"widget\" data-widget_type=\"text-editor.default\">\n\t\t\t\t<div class=\"elementor-widget-container\">\n\t\t\t<style>\/*! elementor - v3.23.0 - 05-08-2024 *\/\n.elementor-widget-text-editor.elementor-drop-cap-view-stacked .elementor-drop-cap{background-color:#69727d;color:#fff}.elementor-widget-text-editor.elementor-drop-cap-view-framed .elementor-drop-cap{color:#69727d;border:3px solid;background-color:transparent}.elementor-widget-text-editor:not(.elementor-drop-cap-view-default) .elementor-drop-cap{margin-top:8px}.elementor-widget-text-editor:not(.elementor-drop-cap-view-default) .elementor-drop-cap-letter{width:1em;height:1em}.elementor-widget-text-editor .elementor-drop-cap{float:left;text-align:center;line-height:1;font-size:50px}.elementor-widget-text-editor .elementor-drop-cap-letter{display:inline-block}<\/style>\t\t\t\t<p>Nos 20 ans d\u2019exp\u00e9riences dans le domaine de la beaut\u00e9 nous ont conf\u00e9r\u00e9 un savoir et professionnalisme remarquable dans le domaine de l\u2019esth\u00e9tique.<br \/><br \/><\/p><p>Nous connaissons autant les besoins de la client\u00e8le que ceux des instituts de beaut\u00e9.<br \/><br \/><\/p><p>Notre entreprise est bas\u00e9e en Valais et est reconnue par SwissMedic, elle r\u00e9pond \u00e9galement \u00e0 la loi O-LRNIS.<br \/><br \/><\/p><p>Notre concept consiste \u00e0 offrir notre soutien aux esth\u00e9ticiennes afin qu\u2019elles puissent d\u00e9velopper plusieurs secteurs d\u2019activit\u00e9s dans leur centre de beaut\u00e9 en louant des appareils d\u2019esth\u00e9tique en fonction des saisons, et ce, \u00e0 moindre co\u00fbt et sans risque d\u2019endettement.<\/p><p>Nous sommes l\u00e0 pour accompagner les esth\u00e9ticiennes dans leurs projets de vie en leur fournissant des conseils et des formations gratuites sur l\u2019utilisation de nos appareils derni\u00e8re g\u00e9n\u00e9ration et homologu\u00e9s CE et en Suisse.<\/p>\t\t\t\t\t\t<\/div>\n\t\t\t\t<\/div>\n\t\t\t\t\t<\/div>\n\t\t<\/div>\n\t\t\t\t\t<\/div>\n\t\t<\/section>\n\t\t\t\t\t<\/div>\n\t\t<\/div>\n\t\t\t\t\t<\/div>\n\t\t<\/section>\n\t\t\t\t<section class=\"elementor-section elementor-top-section elementor-element elementor-element-aeb9893 elementor-section-boxed elementor-section-height-default elementor-section-height-default\" data-id=\"aeb9893\" data-element_type=\"section\" data-settings=\"{&quot;background_background&quot;:&quot;classic&quot;}\">\n\t\t\t\t\t\t<div class=\"elementor-container elementor-column-gap-default\">\n\t\t\t\t\t<div class=\"elementor-column elementor-col-100 elementor-top-column elementor-element elementor-element-2da2953\" data-id=\"2da2953\" data-element_type=\"column\">\n\t\t\t<div class=\"elementor-widget-wrap elementor-element-populated\">\n\t\t\t\t\t\t<section class=\"elementor-section elementor-inner-section elementor-element elementor-element-ba77886 elementor-section-boxed elementor-section-height-default elementor-section-height-default\" data-id=\"ba77886\" data-element_type=\"section\">\n\t\t\t\t\t\t<div class=\"elementor-container elementor-column-gap-default\">\n\t\t\t\t\t<div class=\"elementor-column elementor-col-100 elementor-inner-column elementor-element elementor-element-2ac4318\" data-id=\"2ac4318\" data-element_type=\"column\" data-settings=\"{&quot;background_background&quot;:&quot;classic&quot;}\">\n\t\t\t<div class=\"elementor-widget-wrap elementor-element-populated\">\n\t\t\t\t\t\t<div class=\"elementor-element elementor-element-b5efd82 elementor-widget elementor-widget-heading\" data-id=\"b5efd82\" data-element_type=\"widget\" data-widget_type=\"heading.default\">\n\t\t\t\t<div class=\"elementor-widget-container\">\n\t\t\t<span class=\"elementor-heading-title elementor-size-default\">Que faisons-nous?<\/span>\t\t<\/div>\n\t\t\t\t<\/div>\n\t\t\t\t<div class=\"elementor-element elementor-element-ab1729e elementor-widget elementor-widget-heading\" data-id=\"ab1729e\" data-element_type=\"widget\" data-widget_type=\"heading.default\">\n\t\t\t\t<div class=\"elementor-widget-container\">\n\t\t\t<h2 class=\"elementor-heading-title elementor-size-default\">NOS SERVICES<\/h2>\t\t<\/div>\n\t\t\t\t<\/div>\n\t\t\t\t<div class=\"elementor-element elementor-element-3305916 elementor-widget elementor-widget-text-editor\" data-id=\"3305916\" data-element_type=\"widget\" data-widget_type=\"text-editor.default\">\n\t\t\t\t<div class=\"elementor-widget-container\">\n\t\t\t\t\t\t\t<p>Nous les aidons \u00e0 pr\u00e9parer leurs protocoles de soins, \u00e0 les conseiller sur les meilleures techniques appr\u00e9ci\u00e9es par la client\u00e8le, \u00e0 r\u00e9diger une anamn\u00e8se, \u00e0 r\u00e9aliser un bilan minceur personnalis\u00e9, ainsi qu\u2019\u00e0 pr\u00e9parer et am\u00e9nager leur cabine et leur plan de traitement pour assurer des soins dans les meilleures conditions d\u2019hygi\u00e8ne et de s\u00e9curit\u00e9.<\/p><p>Gr\u00e2ce \u00e0 notre concept, les instituts de beaut\u00e9 peuvent disposer tout au long de l\u2019ann\u00e9e et au fil du temps d\u2019appareils de derni\u00e8re g\u00e9n\u00e9ration, leur permettant ainsi de r\u00e9pondre aux demandes et besoins de leur client\u00e8le \u00e0 moindre co\u00fbt, sans prendre de risque et surtout sans engager de grosses d\u00e9penses dans l\u2019achat d\u2019appareils qui deviennent obsol\u00e8tes apr\u00e8s seulement trois ans.<\/p><p>Notre approche permet d\u2019\u00e9viter l\u2019escalade d\u2019engagement, de r\u00e9aliser des \u00e9conomies, d\u2019augmenter le cash flow, de limiter les grosses d\u00e9penses, d\u2019\u00e9viter l\u2019endettement et de pouvoir tester la machine pour \u00e9valuer la rentabilit\u00e9 d\u2019un secteur d\u2019activit\u00e9 avant d\u2019investir dans un appareil.<br \/>En adoptant notre concept, les esth\u00e9ticiennes peuvent augmenter leur chiffre d\u2019affaires et d\u00e9velopper de nouveaux secteurs d\u2019activit\u00e9.<\/p><p>Vous pouvez contacter notre formatrice agr\u00e9\u00e9e qui r\u00e9pondra \u00e0 toutes vos questions par t\u00e9l\u00e9phone du samedi au mardi inclus.<\/p><p>L\u2019\u00e9quipe SDT<\/p>\t\t\t\t\t\t<\/div>\n\t\t\t\t<\/div>\n\t\t\t\t\t<\/div>\n\t\t<\/div>\n\t\t\t\t\t<\/div>\n\t\t<\/section>\n\t\t\t\t\t<\/div>\n\t\t<\/div>\n\t\t\t\t\t<\/div>\n\t\t<\/section>\n\t\t\t\t<section class=\"elementor-section elementor-top-section elementor-element elementor-element-2499cb53 elementor-section-boxed elementor-section-height-default elementor-section-height-default\" data-id=\"2499cb53\" data-element_type=\"section\" data-settings=\"{&quot;background_background&quot;:&quot;classic&quot;}\">\n\t\t\t\t\t\t<div class=\"elementor-container elementor-column-gap-default\">\n\t\t\t\t\t<div class=\"elementor-column elementor-col-100 elementor-top-column elementor-element elementor-element-12a9a183\" data-id=\"12a9a183\" data-element_type=\"column\">\n\t\t\t<div class=\"elementor-widget-wrap elementor-element-populated\">\n\t\t\t\t\t\t<section class=\"elementor-section elementor-inner-section elementor-element elementor-element-6a5394fa elementor-section-boxed elementor-section-height-default elementor-section-height-default\" data-id=\"6a5394fa\" data-element_type=\"section\">\n\t\t\t\t\t\t<div class=\"elementor-container elementor-column-gap-default\">\n\t\t\t\t\t<div class=\"elementor-column elementor-col-50 elementor-inner-column elementor-element elementor-element-2ac463a6\" data-id=\"2ac463a6\" data-element_type=\"column\">\n\t\t\t<div class=\"elementor-widget-wrap elementor-element-populated\">\n\t\t\t\t\t\t<div class=\"elementor-element elementor-element-2e305be elementor-widget elementor-widget-heading\" data-id=\"2e305be\" data-element_type=\"widget\" data-widget_type=\"heading.default\">\n\t\t\t\t<div class=\"elementor-widget-container\">\n\t\t\t<h4 class=\"elementor-heading-title elementor-size-default\">Contactez-nous pour transformer votre institut de beaut\u00e9!<\/h4>\t\t<\/div>\n\t\t\t\t<\/div>\n\t\t\t\t\t<\/div>\n\t\t<\/div>\n\t\t\t\t<div class=\"elementor-column elementor-col-50 elementor-inner-column elementor-element elementor-element-eabde57\" data-id=\"eabde57\" data-element_type=\"column\">\n\t\t\t<div class=\"elementor-widget-wrap elementor-element-populated\">\n\t\t\t\t\t\t<div class=\"elementor-element elementor-element-e3af8b9 elementor-hidden-tablet elementor-hidden-phone elementor-widget elementor-widget-radiant-custom-button\" data-id=\"e3af8b9\" data-element_type=\"widget\" data-widget_type=\"radiant-custom-button.default\">\n\t\t\t\t<div class=\"elementor-widget-container\">\n\t\t\t<div class=\"radiantthemes-custom-button element-one hover-style-four  \" data-button-direction=\"right\" data-button-fullwidth=\"false\"  data-button-icon-position=\"\"><a class=\"radiantthemes-custom-button-main\" href=\"#\"  target=\"_blank\" rel=\"nofollow\" ><div class=\"placeholder\">CONTACT<\/div><\/a><\/div>\t\t<\/div>\n\t\t\t\t<\/div>\n\t\t\t\t<div class=\"elementor-element elementor-element-5477534 elementor-hidden-desktop elementor-widget elementor-widget-radiant-custom-button\" data-id=\"5477534\" data-element_type=\"widget\" data-widget_type=\"radiant-custom-button.default\">\n\t\t\t\t<div class=\"elementor-widget-container\">\n\t\t\t<div class=\"radiantthemes-custom-button element-one hover-style-four  \" data-button-direction=\"left\" data-button-fullwidth=\"false\"  data-button-icon-position=\"\"><a class=\"radiantthemes-custom-button-main\" href=\"#\"  target=\"_blank\" rel=\"nofollow\" ><div class=\"placeholder\">Contact<\/div><\/a><\/div>\t\t<\/div>\n\t\t\t\t<\/div>\n\t\t\t\t\t<\/div>\n\t\t<\/div>\n\t\t\t\t\t<\/div>\n\t\t<\/section>\n\t\t\t\t\t<\/div>\n\t\t<\/div>\n\t\t\t\t\t<\/div>\n\t\t<\/section>\n\t\t\t\t<\/div>\n\t\t","protected":false},"excerpt":{"rendered":"<p>Qui sommes nous? A Propos A PROPOS Qui sommes-nous? Nos 20 ans d\u2019exp\u00e9riences dans le domaine de la beaut\u00e9 nous ont conf\u00e9r\u00e9 un savoir et professionnalisme remarquable dans le domaine de l\u2019esth\u00e9tique. Nous connaissons autant les besoins de la client\u00e8le que ceux des instituts de beaut\u00e9. Notre entreprise est bas\u00e9e en Valais et est reconnue [&hellip;]<\/p>\n","protected":false},"author":1,"featured_media":0,"parent":0,"menu_order":0,"comment_status":"closed","ping_status":"closed","template":"elementor_header_footer","meta":{"_acf_changed":false,"footnotes":""},"class_list":["post-4860","page","type-page","status-publish","hentry"],"acf":[],"_links":{"self":[{"href":"https:\/\/jasminprojects.com\/swissdermotech\/wp-json\/wp\/v2\/pages\/4860","targetHints":{"allow":["GET"]}}],"collection":[{"href":"https:\/\/jasminprojects.com\/swissdermotech\/wp-json\/wp\/v2\/pages"}],"about":[{"href":"https:\/\/jasminprojects.com\/swissdermotech\/wp-json\/wp\/v2\/types\/page"}],"author":[{"embeddable":true,"href":"https:\/\/jasminprojects.com\/swissdermotech\/wp-json\/wp\/v2\/users\/1"}],"replies":[{"embeddable":true,"href":"https:\/\/jasminprojects.com\/swissdermotech\/wp-json\/wp\/v2\/comments?post=4860"}],"version-history":[{"count":0,"href":"https:\/\/jasminprojects.com\/swissdermotech\/wp-json\/wp\/v2\/pages\/4860\/revisions"}],"wp:attachment":[{"href":"https:\/\/jasminprojects.com\/swissdermotech\/wp-json\/wp\/v2\/media?parent=4860"}],"curies":[{"name":"wp","href":"https:\/\/api.w.org\/{rel}","templated":true}]}}